{"id":83,"date":"2021-07-16T13:59:58","date_gmt":"2021-07-16T11:59:58","guid":{"rendered":"https:\/\/www.etakguide.com\/?page_id=83"},"modified":"2023-07-12T12:07:36","modified_gmt":"2023-07-12T10:07:36","slug":"bedste-casinoer","status":"publish","type":"page","link":"https:\/\/www.etakguide.com\/da\/","title":{"rendered":"De bedste danske online casinoer med hurtig udbetaling"},"content":{"rendered":"<p>S\u00f8ger du det bedste danske online casino med hurtig udbetaling? S\u00e5 er du landet p\u00e5 det rette sted! Nedenfor fort\u00e6ller vi dig om syv forskellige spillesider med udbetaling p\u00e5 mellem et minut og en time.<\/p>\n<p>P\u00e5 dansk licenserede online casinoer kan du ikke spille, hvis du har selvudelukkelse hos ROFUS. Hvis du har ombestemt dig, kan du spille p\u00e5 et udenlandsk <a href=\"https:\/\/spiludennemid.casino\/spil-uden-om-rofus\/\">casino uden ROFUS<\/a>.<\/p>\n<p><!--more--><\/p>\n<h2>Hvordan v\u00e6lger man et online casino med hurtige udbetalinger?<\/h2>\n<p>Med s\u00e5 mange tilg\u00e6ngelige muligheder er det sv\u00e6rt at vide, hvilke man kan stole p\u00e5, og hvilke der giver den bedste oplevelse. Heldigvis er der et par n\u00f8glefaktorer, som kan hj\u00e6lpe med at indsn\u00e6vre din s\u00f8gning og g\u00f8re det meget nemmere at finde et online casino med hurtige udbetalinger.<\/p>\n<ul>\n<li>Omd\u00f8mme<\/li>\n<\/ul>\n<p>F\u00f8r du tilmelder dig et online casino, er det vigtigt at lave nogle unders\u00f8gelser og sikre dig, at det har et godt omd\u00f8mme. Se efter anmeldelser fra tidligere spillere, s\u00e5vel som eventuelle priser, som siden kan have modtaget. Du b\u00f8r ogs\u00e5 tjekke, om casinoet er licenseret og reguleret af en velrenommeret spillekommission.<\/p>\n<ul>\n<li>Betalingsmuligheder<\/li>\n<\/ul>\n<p>N\u00e5r det kommer til at v\u00e6lge et online casino med hurtige udbetalinger, er det vigtigt at sikre sig, at de tilg\u00e6ngelige betalingsmetoder er p\u00e5lidelige og sikre. Du b\u00f8r ogs\u00e5 kigge efter muligheder, der giver dig mulighed for hurtigt at indbetale og h\u00e6ve penge, s\u00e5som e-wallets eller forudbetalte kort.<\/p>\n<ul>\n<li>Kunde support<\/li>\n<\/ul>\n<p>At have adgang til god kundesupport er afg\u00f8rende for ethvert online casino. S\u00f8rg for, at det websted, du v\u00e6lger, tilbyder 24\/7 live chat eller telefonsupport, da dette vil hj\u00e6lpe med at sikre, at eventuelle foresp\u00f8rgsler eller problemer bliver l\u00f8st hurtigt og professionelt.<\/p>\n<ul>\n<li>Bonusser og kampagner<\/li>\n<\/ul>\n<p>Bonusser og kampagner kan v\u00e6re en fantastisk m\u00e5de at booste din bankroll p\u00e5, s\u00e5 s\u00f8rg for at holde \u00f8je med disse, n\u00e5r du v\u00e6lger et online casino med hurtige udbetalinger. Se efter bonusser, der er nemme at forst\u00e5 og ikke har for mange begr\u00e6nsninger eller oms\u00e6tningskrav.<\/p>\n<p>&nbsp;<\/p>\n<p>Nedenfor finder du en liste over danske online casinoer med\u00a0med hurtig udbetaling.<\/p>\n<p>&nbsp;<\/p>\n<h2>Bliv udbetalt p\u00e5 1 minut hos LeoVegas<\/h2>\n<p><img loading=\"lazy\" class=\"alignnone size-full wp-image-96\" src=\"https:\/\/www.etakguide.com\/wp-content\/uploads\/2021\/07\/Leovegas.jpg\" alt=\"Leovegas\" width=\"1000\" height=\"588\" srcset=\"https:\/\/www.etakguide.com\/wp-content\/uploads\/2021\/07\/Leovegas.jpg 1000w, https:\/\/www.etakguide.com\/wp-content\/uploads\/2021\/07\/Leovegas-300x176.jpg 300w, https:\/\/www.etakguide.com\/wp-content\/uploads\/2021\/07\/Leovegas-768x452.jpg 768w\" sizes=\"(max-width: 1000px) 100vw, 1000px\" \/><\/p>\n<p>LeoVegas er kendt for at v\u00e6re en popul\u00e6r bookmaker og et godt online casino. Det skyldes blandt andet deres store udvalg af casino spil, et imponerende live casino, deres l\u00f8bende kampagner og betalingsmetoderne.<\/p>\n<p>&nbsp;<\/p>\n<p>Her kan du blandt andet v\u00e6lge mellem Apple Pay, MobilePay, Skrill, Trustly, MasterCard og VISA. Udbetalingstiden afh\u00e6nger af hvilken betalingsmetode du v\u00e6lger, og du kan nyde udbetaling p\u00e5 helt ned til i l\u00f8bet af et enkelt minut.<\/p>\n<p>&nbsp;<\/p>\n<h2>Mr Green giver ogs\u00e5 udbetaling i l\u00f8bet af 60 sekunder<\/h2>\n<p><img loading=\"lazy\" class=\"alignnone size-full wp-image-89\" src=\"https:\/\/www.etakguide.com\/wp-content\/uploads\/2021\/07\/Mr-Green.jpg\" alt=\"Mr Green\" width=\"1000\" height=\"407\" srcset=\"https:\/\/www.etakguide.com\/wp-content\/uploads\/2021\/07\/Mr-Green.jpg 1000w, https:\/\/www.etakguide.com\/wp-content\/uploads\/2021\/07\/Mr-Green-300x122.jpg 300w, https:\/\/www.etakguide.com\/wp-content\/uploads\/2021\/07\/Mr-Green-768x313.jpg 768w\" sizes=\"(max-width: 1000px) 100vw, 1000px\" \/><\/p>\n<p>Et andet popul\u00e6rt online casino og betting ide er Mr Green, og her er der ogs\u00e5 mulighed for at f\u00e5 udbetalt gevinster inden for 60 sekunder. Du kan v\u00e6lge mellem Neteller, Skrill, PaySafeCard, Revolut, PayPal, MobilePay, bankoverf\u00f8rsel, betalingskort og mange andre betalingsmetoder. Deriblandt er der alts\u00e5 mulighed for at f\u00e5 en af Danmarks hurtigste udbetalinger p\u00e5 online casino.<\/p>\n<p>&nbsp;<\/p>\n<h2>Maria Casino overf\u00f8rer penge inden for seks minutter<\/h2>\n<p><img loading=\"lazy\" class=\"alignnone size-full wp-image-93\" src=\"https:\/\/www.etakguide.com\/wp-content\/uploads\/2021\/07\/Maria-Casino.jpg\" alt=\"Maria Casino\" width=\"1000\" height=\"482\" srcset=\"https:\/\/www.etakguide.com\/wp-content\/uploads\/2021\/07\/Maria-Casino.jpg 1000w, https:\/\/www.etakguide.com\/wp-content\/uploads\/2021\/07\/Maria-Casino-300x145.jpg 300w, https:\/\/www.etakguide.com\/wp-content\/uploads\/2021\/07\/Maria-Casino-768x370.jpg 768w\" sizes=\"(max-width: 1000px) 100vw, 1000px\" \/><\/p>\n<p>Hvis du \u00f8nsker at kombinere online casino og bingo med hurtig udbetaling, b\u00f8r du overveje Maria Casino. Her er der tale om en spilleside, der h\u00f8rer til Kindred Group, som har udbetalinger helt ned til indenfor seks minutter. Du kan v\u00e6lge mellem betalingsmetoder som bankoverf\u00f8rsel, MasterCard, VISA, Trustly, Neteller, Skrill, og MobilePay p\u00e5 den sjove spilleside.<\/p>\n<p>&nbsp;<\/p>\n<h2>Det tager kun 10 minutter med udbetaling hos ComeOn<\/h2>\n<p><img loading=\"lazy\" class=\"alignnone size-full wp-image-100\" src=\"https:\/\/www.etakguide.com\/wp-content\/uploads\/2021\/07\/Comeon-Casino.jpg\" alt=\"Comeon Casino\" width=\"1000\" height=\"406\" srcset=\"https:\/\/www.etakguide.com\/wp-content\/uploads\/2021\/07\/Comeon-Casino.jpg 1000w, https:\/\/www.etakguide.com\/wp-content\/uploads\/2021\/07\/Comeon-Casino-300x122.jpg 300w, https:\/\/www.etakguide.com\/wp-content\/uploads\/2021\/07\/Comeon-Casino-768x312.jpg 768w\" sizes=\"(max-width: 1000px) 100vw, 1000px\" \/><\/p>\n<p>ComeOn! er en af de nyeste tilf\u00f8jelser inden for online spil i Danmark. De har hurtigt n\u00e5et toppen med en af de bedste online casinoer og betting sider, og det skyldes blandt andet de gode betalingsmetoder.<\/p>\n<p>&nbsp;<\/p>\n<p>Her kan brugere v\u00e6lge imellem VISA, MasterCard, Trustly, Neteller, Skrill, Skrill 1-Tap og andre metoder. Der er alts\u00e5 mulighed for at f\u00e5 udbetaling af gevinster i l\u00f8bet af kun ti minutter, n\u00e5r du v\u00e6lger enkelte metoder.<\/p>\n<p>&nbsp;<\/p>\n<h2>Tre spillesider med udbetaling i l\u00f8bet af en time<\/h2>\n<p>&nbsp;<\/p>\n<p>Hvis det ikke beh\u00f8ver at foreg\u00e5 i l\u00f8bet af f\u00e5 minutter, kan du ogs\u00e5 g\u00e5 efter en spilleside med udbetaling inden for en time. Her har du gode valgmuligheder som NordicBet, Videoslots, og Karamba. Alle tre spillesider har en god vifte af forskellige betalingsmetoder, og du kan alts\u00e5 f\u00e5 udbetalt gevinster inden for en lille times tid.<\/p>\n<p>&nbsp;<\/p>\n<h2>Det handler om meget mere end udbetaling<\/h2>\n<p>&nbsp;<\/p>\n<p>Udbetalingstid er vigtigt p\u00e5 et online casino, men det er ikke det eneste, som du b\u00f8r tage h\u00f8jde for. Som du kan l\u00e6se er der mange gode valgmuligheder for spillesider med udbetaling p\u00e5 mellem 1 og 60 minutter. Derfor anbefaler vi at tjekke en eller flere af de forskellige online casinoer, og at du derefter beslutter hvilken side du er mest interesseret i.<\/p>\n<p>&nbsp;<\/p>\n<h2>Husk at opfylde vilk\u00e5r og betingelser<\/h2>\n<p>&nbsp;<\/p>\n<p>Mange brugere sp\u00f8rger ofte ind til hvor hurtigt gevinster kan blive udbetalt. Dette afh\u00e6nger ikke alene af udbetalingstiden, men ogs\u00e5 at vilk\u00e5r og betingelser for casino bonus. Husk at tjekke vilk\u00e5r og betingelser, n\u00e5r du opretter dig med fx casino velkomstbonus, s\u00e5 du s\u00f8rger for f\u00f8rst og fremmest at opfylde de krav.<\/p>\n<p><span class=\"VIiyi\" lang=\"da\"><span class=\"JLqJ4b ChMk0b\" data-language-for-alternatives=\"da\" data-language-to-translate-into=\"en\" data-phrase-index=\"0\">L\u00e6s ogs\u00e5: <\/span><\/span><a href=\"https:\/\/www.etakguide.com\/da\/bookmakere-uden-dansk-licens\/\">Hvilke er de mest popul\u00e6re udenlandske bookmakere i Danmark?<\/a>, <a href=\"https:\/\/www.etakguide.com\/da\/udenlandske-casinoer\/\">Er det sikkert at spille udenlandske casinoer uden dansk licens?<\/a><\/p>\n","protected":false},"excerpt":{"rendered":"S\u00f8ger du det bedste danske online casino med hurtig udbetaling? S\u00e5 er du landet p\u00e5 det rette sted! Nedenfor fort\u00e6ller vi dig om syv forskellige spillesider med udbetaling p\u00e5 mellem et minut og en time. P\u00e5 dansk licenserede online casinoer kan du ikke spille, hvis du har selvudelukkelse hos ROFUS. Hvis du har ombestemt dig,[&#8230;]","protected":false},"author":1,"featured_media":0,"parent":0,"menu_order":0,"comment_status":"closed","ping_status":"closed","template":"","meta":[],"yoast_head":"<!-- This site is optimized with the Yoast SEO plugin v15.3 - https:\/\/yoast.com\/wordpress\/plugins\/seo\/ -->\n<title>De bedste danske casinoer med udbetaling p\u00e5 et minut<\/title>\n<meta name=\"description\" content=\"L\u00e6s vores gennemgang af de syv bedste danske online casinoer med hurtig udbetaling p\u00e5 mellem en time og helt ned til et enkelt minut\" \/>\n<meta name=\"robots\" content=\"index, follow, max-snippet:-1, max-image-preview:large, max-video-preview:-1\" \/>\n<link rel=\"canonical\" href=\"https:\/\/www.etakguide.com\/da\/\" \/>\n<meta property=\"og:locale\" content=\"da_DK\" \/>\n<meta property=\"og:type\" content=\"article\" \/>\n<meta property=\"og:title\" content=\"De bedste danske casinoer med udbetaling p\u00e5 et minut\" \/>\n<meta property=\"og:description\" content=\"L\u00e6s vores gennemgang af de syv bedste danske online casinoer med hurtig udbetaling p\u00e5 mellem en time og helt ned til et enkelt minut\" \/>\n<meta property=\"og:url\" content=\"https:\/\/www.etakguide.com\/da\/\" \/>\n<meta property=\"og:site_name\" content=\"Etak Online Casino Guide #1: B\u00e4sta n\u00e4tcasinona med snabba uttag 2020\" \/>\n<meta property=\"article:modified_time\" content=\"2023-07-12T10:07:36+00:00\" \/>\n<meta property=\"og:image\" content=\"https:\/\/www.etakguide.com\/wp-content\/uploads\/2021\/07\/Leovegas.jpg\" \/>\n<meta name=\"twitter:card\" content=\"summary_large_image\" \/>\n<meta name=\"twitter:label1\" content=\"Written by\">\n\t<meta name=\"twitter:data1\" content=\"yellowfrog970\">\n\t<meta name=\"twitter:label2\" content=\"Est. reading time\">\n\t<meta name=\"twitter:data2\" content=\"4 minutter\">\n<script type=\"application\/ld+json\" class=\"yoast-schema-graph\">{\"@context\":\"https:\/\/schema.org\",\"@graph\":[{\"@type\":\"WebSite\",\"@id\":\"https:\/\/www.etakguide.com\/#website\",\"url\":\"https:\/\/www.etakguide.com\/\",\"name\":\"Etak Online Casino Guide #1: B\\u00e4sta n\\u00e4tcasinona med snabba uttag 2020\",\"description\":\"V\\u00e4lkomna hit till v\\u00e5r hemsida om casinon med snabba uttag. N\\u00e4tcasinon med snabb utbetalning \\u00e4r n\\u00e5got som blir allt popul\\u00e4rare p\\u00e5 den svenska spelmarknaden. Spelare v\\u00e4rdes\\u00e4tter att snabbt f\\u00e5 ut sina vinstpengar fr\\u00e5n en spelsajt n\\u00e4r de k\\u00e4nner att de har spelat klart.\",\"potentialAction\":[{\"@type\":\"SearchAction\",\"target\":\"https:\/\/www.etakguide.com\/?s={search_term_string}\",\"query-input\":\"required name=search_term_string\"}],\"inLanguage\":\"da-DK\"},{\"@type\":\"ImageObject\",\"@id\":\"https:\/\/www.etakguide.com\/da\/#primaryimage\",\"inLanguage\":\"da-DK\",\"url\":\"https:\/\/www.etakguide.com\/wp-content\/uploads\/2021\/07\/Leovegas.jpg\",\"width\":1000,\"height\":588,\"caption\":\"Leovegas\"},{\"@type\":\"WebPage\",\"@id\":\"https:\/\/www.etakguide.com\/da\/#webpage\",\"url\":\"https:\/\/www.etakguide.com\/da\/\",\"name\":\"De bedste danske casinoer med udbetaling p\\u00e5 et minut\",\"isPartOf\":{\"@id\":\"https:\/\/www.etakguide.com\/#website\"},\"primaryImageOfPage\":{\"@id\":\"https:\/\/www.etakguide.com\/da\/#primaryimage\"},\"datePublished\":\"2021-07-16T11:59:58+00:00\",\"dateModified\":\"2023-07-12T10:07:36+00:00\",\"description\":\"L\\u00e6s vores gennemgang af de syv bedste danske online casinoer med hurtig udbetaling p\\u00e5 mellem en time og helt ned til et enkelt minut\",\"inLanguage\":\"da-DK\",\"potentialAction\":[{\"@type\":\"ReadAction\",\"target\":[\"https:\/\/www.etakguide.com\/da\/\"]}]}]}<\/script>\n<!-- \/ Yoast SEO plugin. -->","_links":{"self":[{"href":"https:\/\/www.etakguide.com\/da\/wp-json\/wp\/v2\/pages\/83"}],"collection":[{"href":"https:\/\/www.etakguide.com\/da\/wp-json\/wp\/v2\/pages"}],"about":[{"href":"https:\/\/www.etakguide.com\/da\/wp-json\/wp\/v2\/types\/page"}],"author":[{"embeddable":true,"href":"https:\/\/www.etakguide.com\/da\/wp-json\/wp\/v2\/users\/1"}],"replies":[{"embeddable":true,"href":"https:\/\/www.etakguide.com\/da\/wp-json\/wp\/v2\/comments?post=83"}],"version-history":[{"count":7,"href":"https:\/\/www.etakguide.com\/da\/wp-json\/wp\/v2\/pages\/83\/revisions"}],"predecessor-version":[{"id":362,"href":"https:\/\/www.etakguide.com\/da\/wp-json\/wp\/v2\/pages\/83\/revisions\/362"}],"wp:attachment":[{"href":"https:\/\/www.etakguide.com\/da\/wp-json\/wp\/v2\/media?parent=83"}],"curies":[{"name":"wp","href":"https:\/\/api.w.org\/{rel}","templated":true}]}}