{"id":240,"date":"2021-10-01T13:57:00","date_gmt":"2021-10-01T11:57:00","guid":{"rendered":"https:\/\/www.etakguide.com\/?page_id=240"},"modified":"2023-07-12T12:09:16","modified_gmt":"2023-07-12T10:09:16","slug":"casino-online","status":"publish","type":"page","link":"https:\/\/www.etakguide.com\/it\/","title":{"rendered":"Come trovare i migliori casin\u00f2 online stranieri non AAMS &#038; casino Italiani con riscossione rapida"},"content":{"rendered":"<ul>\n<li>Hai bisogno di scommettere nei casin\u00f2 online con riscossione rapida?<\/li>\n<li>Sei alla ricerca di casin\u00f2 con riscossione rapida che allo stesso tempo ti consentano di divertirti?<\/li>\n<li>Vuoi sfruttare tutti i vantaggi della riscossione rapida?<\/li>\n<\/ul>\n<p>In una societ\u00e0 in continua evoluzione come quella in cui viviamo, un aspetto di fondamentale importanza risulta essere quello legato alle tempistiche. Nessun giocatore che scommette online vorrebbe perdere inutilmente tempo nell&#8217;attendere che il proprio denaro si depositi all&#8217;interno del casin\u00f2 online o che dopo il prelievo finisca sul suo conto corrente.<\/p>\n<p>Queste motivazioni spingono sempre pi\u00f9 spesso i giocatori a cercare dei casin\u00f2 online che realmente possano permettere una riscossione rapida. Abbiamo dovuto testare i vari metodi di pagamento all&#8217;interno dei casin\u00f2 per avere un&#8217;idea pi\u00f9 chiara, continua a leggere se sei interessato.<\/p>\n<p>Trova il <a href=\"https:\/\/sitinonaams.casino\/casino-stranieri\/\">miglior casin\u00f2 senza AAMS<\/a> con con riscossione rapida.<\/p>\n<p><img loading=\"lazy\" class=\"alignnone size-full wp-image-265\" src=\"https:\/\/www.etakguide.com\/wp-content\/uploads\/2021\/10\/Casino-Giocodigitale.jpg\" alt=\"Casino Giocodigitale\" width=\"970\" height=\"336\" srcset=\"https:\/\/www.etakguide.com\/wp-content\/uploads\/2021\/10\/Casino-Giocodigitale.jpg 970w, https:\/\/www.etakguide.com\/wp-content\/uploads\/2021\/10\/Casino-Giocodigitale-300x104.jpg 300w, https:\/\/www.etakguide.com\/wp-content\/uploads\/2021\/10\/Casino-Giocodigitale-768x266.jpg 768w\" sizes=\"(max-width: 970px) 100vw, 970px\" \/><\/p>\n<p><!--more--><\/p>\n<h2>Cosa significa riscossione rapida?<\/h2>\n<p>Con il termine riscossione rapida all&#8217;interno dei casin\u00f2 online si indica la possibilit\u00e0 di effettuare dei prelievi immediati per il giocatore. Questo significa che una volta effettuate le scommesse, il giocatore potr\u00e0 andare nella sezione prelievi, selezionare una cifra e un metodo di pagamento e immediatamente i soldi arriveranno sul suo conto. Ovviamente \u00e8 da comprendere anche un altro aspetto fondamentale legato alla riscossione rapida.<\/p>\n<p>Essa dipende dai metodi di pagamento presenti all&#8217;interno del casin\u00f2 online. Ogni metodo di pagamento ha delle tempistiche di deposito e di prelievo che vengono indicate nella sezione &#8220;pagamenti&#8221; dai casin\u00f2 stessi. Di certo se sei alla ricerca di una riscossione rapida dovresti evitare di scegliere i metodi di pagamento pi\u00f9 lenti come il bonifico bancario.<\/p>\n<p>Ci sono per\u00f2 altri metodi che potrebbero fare al caso tuo. Tra questi sicuramente rientrano gli e-wallet che in genere permettono di depositare immediatamente e prelevare, come ad esempio: Paypal, Neteller e Skrill che sono presenti nella maggior parte dei casin\u00f2 online AAMS e non AAMS.<\/p>\n<p><img loading=\"lazy\" class=\"alignnone size-full wp-image-261\" src=\"https:\/\/www.etakguide.com\/wp-content\/uploads\/2021\/10\/Riscossione-rapida.jpg\" alt=\"Riscossione rapida\" width=\"970\" height=\"171\" srcset=\"https:\/\/www.etakguide.com\/wp-content\/uploads\/2021\/10\/Riscossione-rapida.jpg 970w, https:\/\/www.etakguide.com\/wp-content\/uploads\/2021\/10\/Riscossione-rapida-300x53.jpg 300w, https:\/\/www.etakguide.com\/wp-content\/uploads\/2021\/10\/Riscossione-rapida-768x135.jpg 768w\" sizes=\"(max-width: 970px) 100vw, 970px\" \/><\/p>\n<p>Anche altri metodi di pagamenti potrebbero essere efficienti come quelli che si basano sui circuiti VISA e Mastercard.<\/p>\n<p>Altri pagamenti che consentono un prelievo e deposito immediato sono quelli legati alle crypto come il BTC.<\/p>\n<h2>Come scegliere un casin\u00f2 online con pagamenti veloci?<\/h2>\n<p>Con cos\u00ec tante opzioni disponibili, \u00e8 difficile sapere di quali fidarsi e quali offrono la migliore esperienza. Fortunatamente, ci sono alcuni fattori chiave che possono aiutare a restringere la ricerca e rendere molto pi\u00f9 facile trovare un casin\u00f2 online con pagamenti veloci.<\/p>\n<ul>\n<li><strong>Reputazione<\/strong><\/li>\n<\/ul>\n<p>Prima di iscriversi a un casin\u00f2 online, \u00e8 importante fare qualche ricerca e assicurarsi che abbia una buona reputazione. Cerca le recensioni dei giocatori precedenti, nonch\u00e9 eventuali premi che il sito potrebbe aver ricevuto. Dovresti anche verificare se il casin\u00f2 \u00e8 autorizzato e regolato da una commissione di gioco rispettabile.<\/p>\n<ul>\n<li><strong>Opzioni di pagamento<\/strong><\/li>\n<\/ul>\n<p>Quando si tratta di scegliere un casin\u00f2 online con pagamenti veloci, \u00e8 importante assicurarsi che i metodi di pagamento disponibili siano affidabili e sicuri. Dovresti anche cercare opzioni che ti consentano di depositare e prelevare fondi rapidamente, come portafogli elettronici o carte prepagate.<\/p>\n<ul>\n<li><strong>Servizio Clienti<\/strong><\/li>\n<\/ul>\n<p>Avere accesso a un buon supporto clienti \u00e8 essenziale per qualsiasi casin\u00f2 online. Assicurati che il sito che scegli offra live chat o supporto telefonico 24 ore su 24, 7 giorni su 7, in quanto ci\u00f2 contribuir\u00e0 a garantire che eventuali domande o problemi vengano risolti in modo rapido e professionale.<\/p>\n<ul>\n<li><strong>Bonus e promozioni<\/strong><\/li>\n<\/ul>\n<p>I bonus e le promozioni possono essere un ottimo modo per aumentare il tuo bankroll, quindi assicurati di tenerli d&#8217;occhio quando scegli un casin\u00f2 online con pagamenti veloci. Cerca bonus facili da capire e che non abbiano troppe restrizioni o requisiti di scommessa.<\/p>\n<h2>Cosa accade nei casin\u00f2 ADM-AAMS?<\/h2>\n<p>L&#8217;Agenzia delle Dogane e dei Monopoli impone ai casin\u00f2 con la licenza AAMS, quindi quelli considerati legali in Italia di effettuare dei controlli su tutte le transazioni effettuate dai giocatori, soprattutto nei casi di prelievo. Per questo motivo le tempistiche si potrebbero allungare di qualche ora o addirittura anche di 1 giorno. Quindi se cerchi casin\u00f2 online che consentano la riscossione rapida valuta anche questo aspetto.<\/p>\n<p><img loading=\"lazy\" class=\"alignnone size-full wp-image-257\" src=\"https:\/\/www.etakguide.com\/wp-content\/uploads\/2021\/10\/ADM.jpg\" alt=\"ADM\" width=\"970\" height=\"419\" srcset=\"https:\/\/www.etakguide.com\/wp-content\/uploads\/2021\/10\/ADM.jpg 970w, https:\/\/www.etakguide.com\/wp-content\/uploads\/2021\/10\/ADM-300x130.jpg 300w, https:\/\/www.etakguide.com\/wp-content\/uploads\/2021\/10\/ADM-768x332.jpg 768w\" sizes=\"(max-width: 970px) 100vw, 970px\" \/><\/p>\n<p>Considera per\u00f2 che molti casin\u00f2 <a href=\"https:\/\/www.adm.gov.it\/portale\/\"><u>AAMS<\/u><\/a>\u00a0nonostante debbano effettuare necessariamente dei controlli consentono al giocatore di ricevere in pochi minuti i suoi soldi (soprattutto se sceglie un metodo di pagamento veloce).<\/p>\n<h2>Dove poter scommettere e riscuotere rapidamente?<\/h2>\n<p>I casin\u00f2 non AAMS consentono ai giocatori di depositare e riscuotere rapidamente. Questo per una serie di ragioni, a differenza di quanto avviene nei casin\u00f2 AAMS non dovranno sottostare a rigide regole di controllo sulle transazioni. Questo pu\u00f2 snellire il processo di transazione e consentire al giocatore di ottenere in meno tempo il proprio denaro. Ovviamente anche in questo caso \u00e8 necessario scegliere i metodi di pagamento che consentono transazioni pi\u00f9 rapide. Se si sceglie un metodo di pagamento lento non si potranno ottenere i soldi immediatamente sul proprio conto.<\/p>\n<p><img loading=\"lazy\" class=\"alignnone size-full wp-image-269\" src=\"https:\/\/www.etakguide.com\/wp-content\/uploads\/2021\/10\/Starcasino.jpg\" alt=\"Starcasino\" width=\"970\" height=\"369\" srcset=\"https:\/\/www.etakguide.com\/wp-content\/uploads\/2021\/10\/Starcasino.jpg 970w, https:\/\/www.etakguide.com\/wp-content\/uploads\/2021\/10\/Starcasino-300x114.jpg 300w, https:\/\/www.etakguide.com\/wp-content\/uploads\/2021\/10\/Starcasino-768x292.jpg 768w\" sizes=\"(max-width: 970px) 100vw, 970px\" \/><\/p>\n<p>Altra differenza \u00e8 che nei casin\u00f2 non AAMS potresti usare tra i vari metodi di pagamento le criptovalute. Le criptovalute stanno rivoluzionando il mercato dei casin\u00f2 online perch\u00e9 esse sono sicure, crittografate, affidabili, si basano su tecnologie di blockchain e soprattutto permettono riscossioni immediate sul conto del giocatore. Non si ha nulla da perdere utilizzando questo tipo di pagamento.<\/p>\n<h2>Conclusioni<\/h2>\n<p>Se vuoi riscuotere immediatamente il denaro derivante dalle tue giocate non ti resta che scegliere uno dei metodi di pagamento che permettono questo procedimento immediatamente. Una volta fatto questo non ti resta che scegliere il casin\u00f2 che non trattenga per molto tempo il tuo denaro e che ti consenta di trasferirlo in pochi minuti o immediatamente sul tuo conto. Ricordati delle caratteristiche dei casin\u00f2 non AAMS e di quelli AAMS, quindi fai la tua scelta consapevole. In ogni caso utilizza sempre i casin\u00f2 che risultano essere particolarmente affidabili. Ogni casin\u00f2 che decidi di utilizzare dovrebbe avere infatti una <a href=\"https:\/\/www.etakguide.com\/it\/casino-curacao\/\">licenza regolare.<\/a><\/p>\n","protected":false},"excerpt":{"rendered":"Hai bisogno di scommettere nei casin\u00f2 online con riscossione rapida? Sei alla ricerca di casin\u00f2 con riscossione rapida che allo stesso tempo ti consentano di divertirti? Vuoi sfruttare tutti i vantaggi della riscossione rapida? In una societ\u00e0 in continua evoluzione come quella in cui viviamo, un aspetto di fondamentale importanza risulta essere quello legato alle[&#8230;]","protected":false},"author":1,"featured_media":0,"parent":0,"menu_order":0,"comment_status":"closed","ping_status":"closed","template":"","meta":[],"yoast_head":"<!-- This site is optimized with the Yoast SEO plugin v15.3 - https:\/\/yoast.com\/wordpress\/plugins\/seo\/ -->\n<title>Casin\u00f2 online non AAMS stranieri vs casino ADM con riscossione rapidi<\/title>\n<meta name=\"description\" content=\"Queste motivazioni spingono sempre pi\u00f9 spesso i giocatori a cercare dei casin\u00f2 online che realmente possano permettere una riscossione rapida. Abbiamo dovuto testare i vari metodi di pagamento all&#039;interno dei casin\u00f2 per avere un&#039;idea pi\u00f9 chiara, continua a leggere se sei interessato\" \/>\n<meta name=\"robots\" content=\"index, follow, max-snippet:-1, max-image-preview:large, max-video-preview:-1\" \/>\n<link rel=\"canonical\" href=\"https:\/\/www.etakguide.com\/it\/\" \/>\n<meta property=\"og:locale\" content=\"it_IT\" \/>\n<meta property=\"og:type\" content=\"article\" \/>\n<meta property=\"og:title\" content=\"Casin\u00f2 online non AAMS stranieri vs casino ADM con riscossione rapidi\" \/>\n<meta property=\"og:description\" content=\"Queste motivazioni spingono sempre pi\u00f9 spesso i giocatori a cercare dei casin\u00f2 online che realmente possano permettere una riscossione rapida. Abbiamo dovuto testare i vari metodi di pagamento all&#039;interno dei casin\u00f2 per avere un&#039;idea pi\u00f9 chiara, continua a leggere se sei interessato\" \/>\n<meta property=\"og:url\" content=\"https:\/\/www.etakguide.com\/it\/\" \/>\n<meta property=\"og:site_name\" content=\"Etak Online Casino Guide #1: B\u00e4sta n\u00e4tcasinona med snabba uttag 2020\" \/>\n<meta property=\"article:modified_time\" content=\"2023-07-12T10:09:16+00:00\" \/>\n<meta property=\"og:image\" content=\"https:\/\/www.etakguide.com\/wp-content\/uploads\/2021\/10\/Casino-Giocodigitale.jpg\" \/>\n<meta name=\"twitter:card\" content=\"summary_large_image\" \/>\n<meta name=\"twitter:label1\" content=\"Scritto da\">\n\t<meta name=\"twitter:data1\" content=\"yellowfrog970\">\n\t<meta name=\"twitter:label2\" content=\"Tempo di lettura stimato\">\n\t<meta name=\"twitter:data2\" content=\"4 minuti\">\n<script type=\"application\/ld+json\" class=\"yoast-schema-graph\">{\"@context\":\"https:\/\/schema.org\",\"@graph\":[{\"@type\":\"WebSite\",\"@id\":\"https:\/\/www.etakguide.com\/#website\",\"url\":\"https:\/\/www.etakguide.com\/\",\"name\":\"Etak Online Casino Guide #1: B\\u00e4sta n\\u00e4tcasinona med snabba uttag 2020\",\"description\":\"V\\u00e4lkomna hit till v\\u00e5r hemsida om casinon med snabba uttag. N\\u00e4tcasinon med snabb utbetalning \\u00e4r n\\u00e5got som blir allt popul\\u00e4rare p\\u00e5 den svenska spelmarknaden. Spelare v\\u00e4rdes\\u00e4tter att snabbt f\\u00e5 ut sina vinstpengar fr\\u00e5n en spelsajt n\\u00e4r de k\\u00e4nner att de har spelat klart.\",\"potentialAction\":[{\"@type\":\"SearchAction\",\"target\":\"https:\/\/www.etakguide.com\/?s={search_term_string}\",\"query-input\":\"required name=search_term_string\"}],\"inLanguage\":\"it-IT\"},{\"@type\":\"ImageObject\",\"@id\":\"https:\/\/www.etakguide.com\/it\/#primaryimage\",\"inLanguage\":\"it-IT\",\"url\":\"https:\/\/www.etakguide.com\/wp-content\/uploads\/2021\/10\/Casino-Giocodigitale.jpg\",\"width\":970,\"height\":336,\"caption\":\"Casino Giocodigitale\"},{\"@type\":\"WebPage\",\"@id\":\"https:\/\/www.etakguide.com\/it\/#webpage\",\"url\":\"https:\/\/www.etakguide.com\/it\/\",\"name\":\"Casin\\u00f2 online non AAMS stranieri vs casino ADM con riscossione rapidi\",\"isPartOf\":{\"@id\":\"https:\/\/www.etakguide.com\/#website\"},\"primaryImageOfPage\":{\"@id\":\"https:\/\/www.etakguide.com\/it\/#primaryimage\"},\"datePublished\":\"2021-10-01T11:57:00+00:00\",\"dateModified\":\"2023-07-12T10:09:16+00:00\",\"description\":\"Queste motivazioni spingono sempre pi\\u00f9 spesso i giocatori a cercare dei casin\\u00f2 online che realmente possano permettere una riscossione rapida. Abbiamo dovuto testare i vari metodi di pagamento all'interno dei casin\\u00f2 per avere un'idea pi\\u00f9 chiara, continua a leggere se sei interessato\",\"inLanguage\":\"it-IT\",\"potentialAction\":[{\"@type\":\"ReadAction\",\"target\":[\"https:\/\/www.etakguide.com\/it\/\"]}]}]}<\/script>\n<!-- \/ Yoast SEO plugin. -->","_links":{"self":[{"href":"https:\/\/www.etakguide.com\/it\/wp-json\/wp\/v2\/pages\/240"}],"collection":[{"href":"https:\/\/www.etakguide.com\/it\/wp-json\/wp\/v2\/pages"}],"about":[{"href":"https:\/\/www.etakguide.com\/it\/wp-json\/wp\/v2\/types\/page"}],"author":[{"embeddable":true,"href":"https:\/\/www.etakguide.com\/it\/wp-json\/wp\/v2\/users\/1"}],"replies":[{"embeddable":true,"href":"https:\/\/www.etakguide.com\/it\/wp-json\/wp\/v2\/comments?post=240"}],"version-history":[{"count":9,"href":"https:\/\/www.etakguide.com\/it\/wp-json\/wp\/v2\/pages\/240\/revisions"}],"predecessor-version":[{"id":364,"href":"https:\/\/www.etakguide.com\/it\/wp-json\/wp\/v2\/pages\/240\/revisions\/364"}],"wp:attachment":[{"href":"https:\/\/www.etakguide.com\/it\/wp-json\/wp\/v2\/media?parent=240"}],"curies":[{"name":"wp","href":"https:\/\/api.w.org\/{rel}","templated":true}]}}